{"id":24,"date":"2016-02-14T00:37:43","date_gmt":"2016-02-13T22:37:43","guid":{"rendered":"http:\/\/marmooutdoors.com.br\/?page_id=24"},"modified":"2023-05-23T23:50:41","modified_gmt":"2023-05-23T21:50:41","slug":"quem-somos-dicas-de-viagens","status":"publish","type":"page","link":"https:\/\/familiamarmo.com.br\/en\/quem-somos-dicas-de-viagens\/","title":{"rendered":"Conhe\u00e7a a fam\u00edlia que d\u00e1 dicas de viagens"},"content":{"rendered":"<p>Somos a fam\u00edlia Marmo e viajar \u00e9 o nosso trabalho. H\u00e1 mais de dez anos trabalhamos na avia\u00e7\u00e3o, primeiro baseados em Dubai, Emirados \u00c1rabes Unidos trabalhando com a Emirates Airlines onde tivemos a oportunidade de viajar o mundo inteiro. Agora baseados no Brasil, eu Ana trabalhando com a Avianca e o meu marido Raphael trabalhando pela Azul Linhas A\u00e9reas.<\/p>\n<p>Nosso filho de 5\u00a0anos nos acompanha nas viagens e seu sonho \u00e9 ser piloto de avi\u00e3o.<\/p>\n<p>Conhe\u00e7a aqui as nossas hist\u00f3rias e nossas dicas de viagens!<\/p>\n<p>E se tiver algum coment\u00e1rio, n\u00e3o deixe de contribuir. Se tiver alguma d\u00favida fique a vontade para entrar em contato!<\/p>\n<p>contato@marmooutdoors.com.br<\/p>\n<p>ou<\/p>\n<p>anapaulamarmo@gmail.com<\/p>\n<p>Abra\u00e7os e nos vemos na pr\u00f3xima viagem!<\/p>\n\n<div class=\"wp-block-image\">\n<figure class=\"aligncenter size-large is-resized\"><img loading=\"lazy\" decoding=\"async\" src=\"http:\/\/familiamarmo.com.br\/wp-content\/uploads\/2023\/05\/Viagem_Arraial_do-Cabo_Familia_Marmo_07-1024x474.jpg\" alt=\"\" class=\"wp-image-665\" width=\"555\" height=\"257\" srcset=\"https:\/\/familiamarmo.com.br\/wp-content\/uploads\/2023\/05\/Viagem_Arraial_do-Cabo_Familia_Marmo_07-1024x474.jpg 1024w, https:\/\/familiamarmo.com.br\/wp-content\/uploads\/2023\/05\/Viagem_Arraial_do-Cabo_Familia_Marmo_07-300x139.jpg 300w, https:\/\/familiamarmo.com.br\/wp-content\/uploads\/2023\/05\/Viagem_Arraial_do-Cabo_Familia_Marmo_07-768x355.jpg 768w, https:\/\/familiamarmo.com.br\/wp-content\/uploads\/2023\/05\/Viagem_Arraial_do-Cabo_Familia_Marmo_07-1536x710.jpg 1536w, https:\/\/familiamarmo.com.br\/wp-content\/uploads\/2023\/05\/Viagem_Arraial_do-Cabo_Familia_Marmo_07-2048x947.jpg 2048w\" sizes=\"auto, (max-width: 555px) 100vw, 555px\" \/><\/figure>\n<\/div>","protected":false},"excerpt":{"rendered":"<p>Somos a fam\u00edlia Marmo e viajar \u00e9 o nosso trabalho. H\u00e1 mais de dez anos trabalhamos na avia\u00e7\u00e3o, primeiro baseados em Dubai, Emirados \u00c1rabes Unidos trabalhando com a Emirates Airlines onde tivemos a oportunidade de viajar o mundo inteiro. Agora baseados no Brasil, eu Ana trabalhando com a Avianca e o meu marido Raphael trabalhando &hellip; <a href=\"https:\/\/familiamarmo.com.br\/en\/quem-somos-dicas-de-viagens\/\" class=\"more-link\">Continue reading <span class=\"screen-reader-text\">Conhe\u00e7a a fam\u00edlia que d\u00e1 dicas de viagens<\/span> <span class=\"meta-nav\">&rarr;<\/span><\/a><\/p>\n","protected":false},"author":1,"featured_media":0,"parent":0,"menu_order":0,"comment_status":"closed","ping_status":"closed","template":"","meta":{"footnotes":""},"class_list":["post-24","page","type-page","status-publish","hentry"],"yoast_head":"<!-- This site is optimized with the Yoast SEO plugin v26.9 - https:\/\/yoast.com\/product\/yoast-seo-wordpress\/ -->\n<title>Dicas de Viagens - Quem Somos - Fam\u00edlia Marmo Travel<\/title>\n<meta name=\"description\" content=\"Dicas de viagens e os melhores lugares para conhecer. Nos acompanhe pelos diversos destinos no mundo e no Brasil.\" \/>\n<meta name=\"robots\" content=\"index, follow, max-snippet:-1, max-image-preview:large, max-video-preview:-1\" \/>\n<link rel=\"canonical\" href=\"http:\/\/familiamarmo.com.br\/quem-somos-dicas-de-viagens\/\" \/>\n<meta property=\"og:locale\" content=\"en_US\" \/>\n<meta property=\"og:type\" content=\"article\" \/>\n<meta property=\"og:title\" content=\"Dicas de Viagens - Quem Somos - Fam\u00edlia Marmo Travel\" \/>\n<meta property=\"og:description\" content=\"Dicas de viagens e os melhores lugares para conhecer. Nos acompanhe pelos diversos destinos no mundo e no Brasil.\" \/>\n<meta property=\"og:url\" content=\"http:\/\/familiamarmo.com.br\/quem-somos-dicas-de-viagens\/\" \/>\n<meta property=\"og:site_name\" content=\"Fam\u00edlia Marmo Travel\" \/>\n<meta property=\"article:publisher\" content=\"https:\/\/www.facebook.com\/marmooutdoors\/\" \/>\n<meta property=\"article:modified_time\" content=\"2023-05-23T21:50:41+00:00\" \/>\n<meta property=\"og:image\" content=\"http:\/\/familiamarmo.com.br\/wp-content\/uploads\/2023\/05\/Viagem_Arraial_do-Cabo_Familia_Marmo_07-1024x474.jpg\" \/>\n<meta name=\"twitter:card\" content=\"summary_large_image\" \/>\n<meta name=\"twitter:label1\" content=\"Est. reading time\" \/>\n\t<meta name=\"twitter:data1\" content=\"2 minutes\" \/>\n<script type=\"application\/ld+json\" class=\"yoast-schema-graph\">{\"@context\":\"https:\/\/schema.org\",\"@graph\":[{\"@type\":\"WebPage\",\"@id\":\"http:\/\/familiamarmo.com.br\/quem-somos-dicas-de-viagens\/\",\"url\":\"http:\/\/familiamarmo.com.br\/quem-somos-dicas-de-viagens\/\",\"name\":\"Dicas de Viagens - Quem Somos - Fam\u00edlia Marmo Travel\",\"isPartOf\":{\"@id\":\"https:\/\/familiamarmo.com.br\/#website\"},\"primaryImageOfPage\":{\"@id\":\"http:\/\/familiamarmo.com.br\/quem-somos-dicas-de-viagens\/#primaryimage\"},\"image\":{\"@id\":\"http:\/\/familiamarmo.com.br\/quem-somos-dicas-de-viagens\/#primaryimage\"},\"thumbnailUrl\":\"http:\/\/familiamarmo.com.br\/wp-content\/uploads\/2023\/05\/Viagem_Arraial_do-Cabo_Familia_Marmo_07-1024x474.jpg\",\"datePublished\":\"2016-02-13T22:37:43+00:00\",\"dateModified\":\"2023-05-23T21:50:41+00:00\",\"description\":\"Dicas de viagens e os melhores lugares para conhecer. Nos acompanhe pelos diversos destinos no mundo e no Brasil.\",\"breadcrumb\":{\"@id\":\"http:\/\/familiamarmo.com.br\/quem-somos-dicas-de-viagens\/#breadcrumb\"},\"inLanguage\":\"en-US\",\"potentialAction\":[{\"@type\":\"ReadAction\",\"target\":[\"http:\/\/familiamarmo.com.br\/quem-somos-dicas-de-viagens\/\"]}]},{\"@type\":\"ImageObject\",\"inLanguage\":\"en-US\",\"@id\":\"http:\/\/familiamarmo.com.br\/quem-somos-dicas-de-viagens\/#primaryimage\",\"url\":\"http:\/\/familiamarmo.com.br\/wp-content\/uploads\/2023\/05\/Viagem_Arraial_do-Cabo_Familia_Marmo_07-1024x474.jpg\",\"contentUrl\":\"http:\/\/familiamarmo.com.br\/wp-content\/uploads\/2023\/05\/Viagem_Arraial_do-Cabo_Familia_Marmo_07-1024x474.jpg\"},{\"@type\":\"BreadcrumbList\",\"@id\":\"http:\/\/familiamarmo.com.br\/quem-somos-dicas-de-viagens\/#breadcrumb\",\"itemListElement\":[{\"@type\":\"ListItem\",\"position\":1,\"name\":\"In\u00edcio\",\"item\":\"https:\/\/familiamarmo.com.br\/\"},{\"@type\":\"ListItem\",\"position\":2,\"name\":\"Conhe\u00e7a a fam\u00edlia que d\u00e1 dicas de viagens\"}]},{\"@type\":\"WebSite\",\"@id\":\"https:\/\/familiamarmo.com.br\/#website\",\"url\":\"https:\/\/familiamarmo.com.br\/\",\"name\":\"Fam\u00edlia Marmo Travel\",\"description\":\"Aqui come\u00e7a a sua viagem!\",\"potentialAction\":[{\"@type\":\"SearchAction\",\"target\":{\"@type\":\"EntryPoint\",\"urlTemplate\":\"https:\/\/familiamarmo.com.br\/?s={search_term_string}\"},\"query-input\":{\"@type\":\"PropertyValueSpecification\",\"valueRequired\":true,\"valueName\":\"search_term_string\"}}],\"inLanguage\":\"en-US\"}]}<\/script>\n<!-- \/ Yoast SEO plugin. -->","yoast_head_json":{"title":"Dicas de Viagens - Quem Somos - Fam\u00edlia Marmo Travel","description":"Dicas de viagens e os melhores lugares para conhecer. Nos acompanhe pelos diversos destinos no mundo e no Brasil.","robots":{"index":"index","follow":"follow","max-snippet":"max-snippet:-1","max-image-preview":"max-image-preview:large","max-video-preview":"max-video-preview:-1"},"canonical":"http:\/\/familiamarmo.com.br\/quem-somos-dicas-de-viagens\/","og_locale":"en_US","og_type":"article","og_title":"Dicas de Viagens - Quem Somos - Fam\u00edlia Marmo Travel","og_description":"Dicas de viagens e os melhores lugares para conhecer. Nos acompanhe pelos diversos destinos no mundo e no Brasil.","og_url":"http:\/\/familiamarmo.com.br\/quem-somos-dicas-de-viagens\/","og_site_name":"Fam\u00edlia Marmo Travel","article_publisher":"https:\/\/www.facebook.com\/marmooutdoors\/","article_modified_time":"2023-05-23T21:50:41+00:00","og_image":[{"url":"http:\/\/familiamarmo.com.br\/wp-content\/uploads\/2023\/05\/Viagem_Arraial_do-Cabo_Familia_Marmo_07-1024x474.jpg","type":"","width":"","height":""}],"twitter_card":"summary_large_image","twitter_misc":{"Est. reading time":"2 minutes"},"schema":{"@context":"https:\/\/schema.org","@graph":[{"@type":"WebPage","@id":"http:\/\/familiamarmo.com.br\/quem-somos-dicas-de-viagens\/","url":"http:\/\/familiamarmo.com.br\/quem-somos-dicas-de-viagens\/","name":"Dicas de Viagens - Quem Somos - Fam\u00edlia Marmo Travel","isPartOf":{"@id":"https:\/\/familiamarmo.com.br\/#website"},"primaryImageOfPage":{"@id":"http:\/\/familiamarmo.com.br\/quem-somos-dicas-de-viagens\/#primaryimage"},"image":{"@id":"http:\/\/familiamarmo.com.br\/quem-somos-dicas-de-viagens\/#primaryimage"},"thumbnailUrl":"http:\/\/familiamarmo.com.br\/wp-content\/uploads\/2023\/05\/Viagem_Arraial_do-Cabo_Familia_Marmo_07-1024x474.jpg","datePublished":"2016-02-13T22:37:43+00:00","dateModified":"2023-05-23T21:50:41+00:00","description":"Dicas de viagens e os melhores lugares para conhecer. Nos acompanhe pelos diversos destinos no mundo e no Brasil.","breadcrumb":{"@id":"http:\/\/familiamarmo.com.br\/quem-somos-dicas-de-viagens\/#breadcrumb"},"inLanguage":"en-US","potentialAction":[{"@type":"ReadAction","target":["http:\/\/familiamarmo.com.br\/quem-somos-dicas-de-viagens\/"]}]},{"@type":"ImageObject","inLanguage":"en-US","@id":"http:\/\/familiamarmo.com.br\/quem-somos-dicas-de-viagens\/#primaryimage","url":"http:\/\/familiamarmo.com.br\/wp-content\/uploads\/2023\/05\/Viagem_Arraial_do-Cabo_Familia_Marmo_07-1024x474.jpg","contentUrl":"http:\/\/familiamarmo.com.br\/wp-content\/uploads\/2023\/05\/Viagem_Arraial_do-Cabo_Familia_Marmo_07-1024x474.jpg"},{"@type":"BreadcrumbList","@id":"http:\/\/familiamarmo.com.br\/quem-somos-dicas-de-viagens\/#breadcrumb","itemListElement":[{"@type":"ListItem","position":1,"name":"In\u00edcio","item":"https:\/\/familiamarmo.com.br\/"},{"@type":"ListItem","position":2,"name":"Conhe\u00e7a a fam\u00edlia que d\u00e1 dicas de viagens"}]},{"@type":"WebSite","@id":"https:\/\/familiamarmo.com.br\/#website","url":"https:\/\/familiamarmo.com.br\/","name":"Fam\u00edlia Marmo Travel","description":"Aqui come\u00e7a a sua viagem!","potentialAction":[{"@type":"SearchAction","target":{"@type":"EntryPoint","urlTemplate":"https:\/\/familiamarmo.com.br\/?s={search_term_string}"},"query-input":{"@type":"PropertyValueSpecification","valueRequired":true,"valueName":"search_term_string"}}],"inLanguage":"en-US"}]}},"_links":{"self":[{"href":"https:\/\/familiamarmo.com.br\/en\/wp-json\/wp\/v2\/pages\/24","targetHints":{"allow":["GET"]}}],"collection":[{"href":"https:\/\/familiamarmo.com.br\/en\/wp-json\/wp\/v2\/pages"}],"about":[{"href":"https:\/\/familiamarmo.com.br\/en\/wp-json\/wp\/v2\/types\/page"}],"author":[{"embeddable":true,"href":"https:\/\/familiamarmo.com.br\/en\/wp-json\/wp\/v2\/users\/1"}],"replies":[{"embeddable":true,"href":"https:\/\/familiamarmo.com.br\/en\/wp-json\/wp\/v2\/comments?post=24"}],"version-history":[{"count":5,"href":"https:\/\/familiamarmo.com.br\/en\/wp-json\/wp\/v2\/pages\/24\/revisions"}],"predecessor-version":[{"id":666,"href":"https:\/\/familiamarmo.com.br\/en\/wp-json\/wp\/v2\/pages\/24\/revisions\/666"}],"wp:attachment":[{"href":"https:\/\/familiamarmo.com.br\/en\/wp-json\/wp\/v2\/media?parent=24"}],"curies":[{"name":"wp","href":"https:\/\/api.w.org\/{rel}","templated":true}]}}